{"id":4887,"date":"2020-06-15T15:35:55","date_gmt":"2020-06-15T12:35:55","guid":{"rendered":"http:\/\/ccsaksesuar.com\/?page_id=4887"},"modified":"2020-06-19T17:20:28","modified_gmt":"2020-06-19T14:20:28","slug":"about-us","status":"publish","type":"page","link":"https:\/\/www.ccsaksesuar.com\/en\/about-us\/","title":{"rendered":"ABOUT US"},"content":{"rendered":"<p><div class=\"fusion-fullwidth fullwidth-box fusion-builder-row-1 fusion-parallax-none nonhundred-percent-fullwidth non-hundred-percent-height-scrolling fusion-equal-height-columns lazyload\" style=\"--awb-background-position:right bottom;--awb-border-radius-top-left:0px;--awb-border-radius-top-right:0px;--awb-border-radius-bottom-right:0px;--awb-border-radius-bottom-left:0px;--awb-padding-top:55px;--awb-padding-bottom:10px;--awb-margin-top:10px;--awb-margin-bottom:10px;--awb-background-color:rgba(227,0,15,0);--awb-background-image:linear-gradient(180deg, rgba(227,0,15,0.5) 0%,rgba(227,0,15,0.5) 100%);;--awb-background-size:cover;--awb-flex-wrap:wrap;\" data-bg=\"http:\/\/ccsaksesuar.com\/wp-content\/uploads\/2020\/02\/page-title.jpg\" data-bg-gradient=\"linear-gradient(180deg, rgba(227,0,15,0.5) 0%,rgba(227,0,15,0.5) 100%)\" ><div class=\"fusion-builder-row fusion-row\"><div class=\"fusion-layout-column fusion_builder_column fusion-builder-column-0 fusion_builder_column_1_1 1_1 fusion-one-full fusion-column-first fusion-column-last\" style=\"--awb-bg-size:cover;--awb-margin-top:55px;--awb-margin-bottom:30px;\"><div class=\"fusion-column-wrapper fusion-flex-column-wrapper-legacy\"><div class=\"fusion-sep-clear\"><\/div><div class=\"fusion-separator fusion-full-width-sep\" style=\"margin-left: auto;margin-right: auto;margin-top:0px;margin-bottom:0px;width:100%;\"><\/div><div class=\"fusion-sep-clear\"><\/div><div class=\"fusion-title title fusion-title-1 fusion-sep-none fusion-title-text fusion-title-size-two fusion-animated\" style=\"--awb-text-color:#ffffff;\" data-animationType=\"slideInLeft\" data-animationDuration=\"0.3\" data-animationOffset=\"top-into-view\"><h2 class=\"fusion-title-heading title-heading-left fusion-responsive-typography-calculated\" style=\"margin:0;--fontSize:40;line-height:1.5;\"><strong><span style=\"color: #ffffff;\">About Us<\/span><\/strong><\/h2><\/div><div class=\"fusion-clearfix\"><\/div><\/div><\/div><\/div><\/div><div class=\"fusion-fullwidth fullwidth-box fusion-builder-row-2 nonhundred-percent-fullwidth non-hundred-percent-height-scrolling\" style=\"--awb-border-radius-top-left:0px;--awb-border-radius-top-right:0px;--awb-border-radius-bottom-right:0px;--awb-border-radius-bottom-left:0px;--awb-padding-top:30px;--awb-padding-right:25px;--awb-padding-bottom:30px;--awb-padding-left:25px;--awb-background-color:rgba(255,255,255,0);--awb-flex-wrap:wrap;\" ><div class=\"fusion-builder-row fusion-row\"><div class=\"fusion-layout-column fusion_builder_column fusion-builder-column-1 fusion_builder_column_1_1 1_1 fusion-one-full fusion-column-first fusion-column-last fusion-animated\" style=\"--awb-bg-size:cover;\" data-animationType=\"fadeInLeft\" data-animationDuration=\"0.6\" data-animationOffset=\"top-into-view\"><div class=\"fusion-column-wrapper fusion-flex-column-wrapper-legacy\"><div class=\"fusion-title title fusion-title-2 fusion-sep-none fusion-title-center fusion-title-text fusion-title-size-two\"><h2 class=\"fusion-title-heading title-heading-center fusion-responsive-typography-calculated\" style=\"margin:0;--fontSize:40;line-height:1.5;\"><strong><span style=\"color: #ff0000;\">C.C.S<\/span><\/strong><\/h2><\/div><div class=\"fusion-text fusion-text-1\"><p style=\"text-align: justify;\"><em><strong><span style=\"color: #000000;\">CCS Accessories, Fiber, Quilted, Zipper, Cord Yarn<br \/>\n<img decoding=\"async\" class=\"lazyload alignright wp-image-4787 size-full\" src=\"http:\/\/ccsaksesuar.com\/wp-content\/uploads\/2020\/06\/Deri-ve-Teksil-Malzemeleri.png\" data-orig-src=\"http:\/\/ccsaksesuar.com\/wp-content\/uploads\/2020\/06\/Deri-ve-Teksil-Malzemeleri.png\" alt=\"ccs\" width=\"400\" height=\"250\" srcset=\"data:image\/svg+xml,%3Csvg%20xmlns%3D%27http%3A%2F%2Fwww.w3.org%2F2000%2Fsvg%27%20width%3D%27400%27%20height%3D%27250%27%20viewBox%3D%270%200%20400%20250%27%3E%3Crect%20width%3D%27400%27%20height%3D%27250%27%20fill-opacity%3D%220%22%2F%3E%3C%2Fsvg%3E\" data-srcset=\"https:\/\/www.ccsaksesuar.com\/wp-content\/uploads\/2020\/06\/Deri-ve-Teksil-Malzemeleri-200x125.png 200w, https:\/\/www.ccsaksesuar.com\/wp-content\/uploads\/2020\/06\/Deri-ve-Teksil-Malzemeleri-300x188.png 300w, https:\/\/www.ccsaksesuar.com\/wp-content\/uploads\/2020\/06\/Deri-ve-Teksil-Malzemeleri.png 400w\" data-sizes=\"auto\" data-orig-sizes=\"(max-width: 400px) 100vw, 400px\" \/><br \/>\n<\/span><\/strong><\/em><\/p>\n<p><span style=\"color: #000000;\">With our 30 years of textile industry experience, we support our product supply with our productions according to the demands of the leather and textile industry.<\/span><br \/>\n<span style=\"color: #000000;\">We continue to meet the needs of our valued customers with a wide range of products and affordable prices.<\/span><\/p>\n<p><span style=\"color: #000000;\">In addition to the production \/ sales of Fiber, Quilting and Accessories, we are producing Metal Zipper under the roof of &#8220;C.C.S ZIPPER&#8221; in the quality of domestic production and international standards, which has been added to our production network.<\/span><\/p>\n<p><span style=\"color: #000000;\">Metal zippers are used in many areas such as coats, coats, jackets, bags, wallets, trousers, boots, boots, shoes, as well as in all areas used in the Leather and Textile industry.<\/span><\/p>\n<p><span style=\"color: #000000;\">To forward your orders, to receive information and prices, to learn the deadlines of your orders; You can reach us via info@ccsaksesuar.com e-mail and by e-mail and contact numbers.<\/span><\/p>\n<\/div><div class=\"fusion-clearfix\"><\/div><\/div><\/div><div class=\"fusion-layout-column fusion_builder_column fusion-builder-column-2 fusion_builder_column_1_1 1_1 fusion-one-full fusion-column-first fusion-column-last\" style=\"--awb-bg-size:cover;\"><div class=\"fusion-column-wrapper fusion-column-has-shadow fusion-flex-column-wrapper-legacy\"><div class=\"fusion-text fusion-text-2\"><p><span style=\"color: #000000;\">\u2022 To see our zipper products; <a style=\"color: #000000;\" href=\"http:\/\/ccsaksesuar.com\/en\/our-products\/zipper\/\">zipper<\/a><\/span><br \/>\n<span style=\"color: #000000;\">\u2022 To see our fiber products; <a style=\"color: #000000;\" href=\"http:\/\/ccsaksesuar.com\/en\/our-products\/fiber\/\">fiber<\/a><\/span><br \/>\n<span style=\"color: #000000;\">\u2022 To see our quilted products; <a style=\"color: #000000;\" href=\"http:\/\/ccsaksesuar.com\/en\/our-products\/quilted\/\">quilted<\/a><\/span><br \/>\n<span style=\"color: #000000;\">\u2022 To see our cord yarn products; <a style=\"color: #000000;\" href=\"http:\/\/ccsaksesuar.com\/en\/our-products\/cord-thread\/\">cord thread<\/a><\/span><\/p>\n<p><span style=\"color: #000000;\">All information on our page is for informational purposes only. You can contact for detailed information.<\/span><\/p>\n<\/div><div class=\"fusion-clearfix\"><\/div><\/div><\/div><div class=\"fusion-layout-column fusion_builder_column fusion-builder-column-3 fusion_builder_column_1_1 1_1 fusion-one-full fusion-column-first fusion-column-last\" style=\"--awb-bg-size:cover;\"><div class=\"fusion-column-wrapper fusion-column-has-shadow fusion-flex-column-wrapper-legacy\"><div class=\"fusion-text fusion-text-3\"><div class=\"tlid-input input\">\n<div class=\"source-wrap\">\n<div class=\"input-full-height-wrapper tlid-input-full-height-wrapper\">\n<div class=\"source-input\">\n<div class=\"source-footer-wrap source-or-target-footer\">\n<div class=\"character-count tlid-character-count\">\n<div class=\"cc-ctr normal\"><strong style=\"color: #000000;\"><span class=\"tlid-translation translation\" lang=\"en\"><span title=\"\">C.C.S Accessory<\/span><\/span><\/strong><\/div>\n<\/div>\n<\/div>\n<\/div>\n<\/div>\n<\/div>\n<\/div>\n<\/div><div class=\"fusion-sep-clear\"><\/div><div class=\"fusion-separator fusion-no-large-visibility fusion-full-width-sep\" style=\"margin-left: auto;margin-right: auto;margin-top:40px;margin-bottom:20px;width:100%;\"><\/div><div class=\"fusion-sep-clear\"><\/div><div class=\"fusion-button-wrapper\"><a class=\"fusion-button button-flat fusion-button-default-size button-default fusion-button-default button-1 fusion-button-default-span fusion-button-default-type\" target=\"_self\" href=\"http:\/\/ccsaksesuar.com\/en\/contact\/\"><span class=\"fusion-button-text awb-button__text awb-button__text--default\">MORE INFO<\/span><\/a><\/div><div class=\"fusion-clearfix\"><\/div><\/div><\/div><\/div><\/div><\/p>\n","protected":false},"excerpt":{"rendered":"","protected":false},"author":2,"featured_media":0,"parent":0,"menu_order":20,"comment_status":"closed","ping_status":"closed","template":"100-width.php","meta":{"_joinchat":[],"footnotes":""},"class_list":["post-4887","page","type-page","status-publish","hentry"],"yoast_head":"<!-- This site is optimized with the Yoast SEO plugin v27.6 - https:\/\/yoast.com\/product\/yoast-seo-wordpress\/ -->\n<title>Who is ccs? About of us CCS. Leather &amp; Textile Products Supply Industry<\/title>\n<meta name=\"description\" content=\"With our 30 years of textile industry experience, we support our product supply with our productions according to the demands of the leather and textile industry.We continue to meet the needs of our valued customers with a wide range of products and affordable prices.\" \/>\n<meta name=\"robots\" content=\"index, follow, max-snippet:-1, max-image-preview:large, max-video-preview:-1\" \/>\n<link rel=\"canonical\" href=\"https:\/\/www.ccsaksesuar.com\/ccs-hakkimizda\/\" \/>\n<meta property=\"og:locale\" content=\"en_US\" \/>\n<meta property=\"og:type\" content=\"article\" \/>\n<meta property=\"og:title\" content=\"Who is ccs? About of us CCS. Leather &amp; Textile Products Supply Industry\" \/>\n<meta property=\"og:description\" content=\"With our 30 years of textile industry experience, we support our product supply with our productions according to the demands of the leather and textile industry.We continue to meet the needs of our valued customers with a wide range of products and affordable prices.\" \/>\n<meta property=\"og:url\" content=\"https:\/\/www.ccsaksesuar.com\/ccs-hakkimizda\/\" \/>\n<meta property=\"og:site_name\" content=\"CCS FERMUAR &amp; DER\u0130 VE TEKST\u0130L MALZEMELER\u0130\" \/>\n<meta property=\"article:modified_time\" content=\"2020-06-19T14:20:28+00:00\" \/>\n<meta property=\"og:image\" content=\"http:\/\/ccsaksesuar.com\/wp-content\/uploads\/2020\/06\/Deri-ve-Teksil-Malzemeleri.png\" \/>\n<meta name=\"twitter:card\" content=\"summary_large_image\" \/>\n<meta name=\"twitter:label1\" content=\"Est. reading time\" \/>\n\t<meta name=\"twitter:data1\" content=\"8 minutes\" \/>\n<script type=\"application\/ld+json\" class=\"yoast-schema-graph\">{\"@context\":\"https:\\\/\\\/schema.org\",\"@graph\":[{\"@type\":\"WebPage\",\"@id\":\"https:\\\/\\\/www.ccsaksesuar.com\\\/ccs-hakkimizda\\\/\",\"url\":\"https:\\\/\\\/www.ccsaksesuar.com\\\/ccs-hakkimizda\\\/\",\"name\":\"Who is ccs? About of us CCS. Leather & Textile Products Supply Industry\",\"isPartOf\":{\"@id\":\"https:\\\/\\\/www.ccsaksesuar.com\\\/#website\"},\"primaryImageOfPage\":{\"@id\":\"https:\\\/\\\/www.ccsaksesuar.com\\\/ccs-hakkimizda\\\/#primaryimage\"},\"image\":{\"@id\":\"https:\\\/\\\/www.ccsaksesuar.com\\\/ccs-hakkimizda\\\/#primaryimage\"},\"thumbnailUrl\":\"http:\\\/\\\/ccsaksesuar.com\\\/wp-content\\\/uploads\\\/2020\\\/06\\\/Deri-ve-Teksil-Malzemeleri.png\",\"datePublished\":\"2020-06-15T12:35:55+00:00\",\"dateModified\":\"2020-06-19T14:20:28+00:00\",\"description\":\"With our 30 years of textile industry experience, we support our product supply with our productions according to the demands of the leather and textile industry.We continue to meet the needs of our valued customers with a wide range of products and affordable prices.\",\"breadcrumb\":{\"@id\":\"https:\\\/\\\/www.ccsaksesuar.com\\\/ccs-hakkimizda\\\/#breadcrumb\"},\"inLanguage\":\"en-US\",\"potentialAction\":[{\"@type\":\"ReadAction\",\"target\":[\"https:\\\/\\\/www.ccsaksesuar.com\\\/ccs-hakkimizda\\\/\"]}]},{\"@type\":\"ImageObject\",\"inLanguage\":\"en-US\",\"@id\":\"https:\\\/\\\/www.ccsaksesuar.com\\\/ccs-hakkimizda\\\/#primaryimage\",\"url\":\"http:\\\/\\\/ccsaksesuar.com\\\/wp-content\\\/uploads\\\/2020\\\/06\\\/Deri-ve-Teksil-Malzemeleri.png\",\"contentUrl\":\"http:\\\/\\\/ccsaksesuar.com\\\/wp-content\\\/uploads\\\/2020\\\/06\\\/Deri-ve-Teksil-Malzemeleri.png\"},{\"@type\":\"BreadcrumbList\",\"@id\":\"https:\\\/\\\/www.ccsaksesuar.com\\\/ccs-hakkimizda\\\/#breadcrumb\",\"itemListElement\":[{\"@type\":\"ListItem\",\"position\":1,\"name\":\"Ana sayfa\",\"item\":\"https:\\\/\\\/www.ccsaksesuar.com\\\/en\\\/\"},{\"@type\":\"ListItem\",\"position\":2,\"name\":\"ABOUT US\"}]},{\"@type\":\"WebSite\",\"@id\":\"https:\\\/\\\/www.ccsaksesuar.com\\\/#website\",\"url\":\"https:\\\/\\\/www.ccsaksesuar.com\\\/\",\"name\":\"CCS AKSESUAR\",\"description\":\"DER\u0130 VE TEKST\u0130L MALZEMELER\u0130\",\"publisher\":{\"@id\":\"https:\\\/\\\/www.ccsaksesuar.com\\\/#organization\"},\"potentialAction\":[{\"@type\":\"SearchAction\",\"target\":{\"@type\":\"EntryPoint\",\"urlTemplate\":\"https:\\\/\\\/www.ccsaksesuar.com\\\/?s={search_term_string}\"},\"query-input\":{\"@type\":\"PropertyValueSpecification\",\"valueRequired\":true,\"valueName\":\"search_term_string\"}}],\"inLanguage\":\"en-US\"},{\"@type\":\"Organization\",\"@id\":\"https:\\\/\\\/www.ccsaksesuar.com\\\/#organization\",\"name\":\"CCS AKSESUAR\",\"url\":\"https:\\\/\\\/www.ccsaksesuar.com\\\/\",\"logo\":{\"@type\":\"ImageObject\",\"inLanguage\":\"en-US\",\"@id\":\"https:\\\/\\\/www.ccsaksesuar.com\\\/#\\\/schema\\\/logo\\\/image\\\/\",\"url\":\"\",\"contentUrl\":\"\",\"caption\":\"CCS AKSESUAR\"},\"image\":{\"@id\":\"https:\\\/\\\/www.ccsaksesuar.com\\\/#\\\/schema\\\/logo\\\/image\\\/\"}}]}<\/script>\n<!-- \/ Yoast SEO plugin. -->","yoast_head_json":{"title":"Who is ccs? About of us CCS. Leather & Textile Products Supply Industry","description":"With our 30 years of textile industry experience, we support our product supply with our productions according to the demands of the leather and textile industry.We continue to meet the needs of our valued customers with a wide range of products and affordable prices.","robots":{"index":"index","follow":"follow","max-snippet":"max-snippet:-1","max-image-preview":"max-image-preview:large","max-video-preview":"max-video-preview:-1"},"canonical":"https:\/\/www.ccsaksesuar.com\/ccs-hakkimizda\/","og_locale":"en_US","og_type":"article","og_title":"Who is ccs? About of us CCS. Leather & Textile Products Supply Industry","og_description":"With our 30 years of textile industry experience, we support our product supply with our productions according to the demands of the leather and textile industry.We continue to meet the needs of our valued customers with a wide range of products and affordable prices.","og_url":"https:\/\/www.ccsaksesuar.com\/ccs-hakkimizda\/","og_site_name":"CCS FERMUAR &amp; DER\u0130 VE TEKST\u0130L MALZEMELER\u0130","article_modified_time":"2020-06-19T14:20:28+00:00","og_image":[{"url":"http:\/\/ccsaksesuar.com\/wp-content\/uploads\/2020\/06\/Deri-ve-Teksil-Malzemeleri.png","type":"","width":"","height":""}],"twitter_card":"summary_large_image","twitter_misc":{"Est. reading time":"8 minutes"},"schema":{"@context":"https:\/\/schema.org","@graph":[{"@type":"WebPage","@id":"https:\/\/www.ccsaksesuar.com\/ccs-hakkimizda\/","url":"https:\/\/www.ccsaksesuar.com\/ccs-hakkimizda\/","name":"Who is ccs? About of us CCS. Leather & Textile Products Supply Industry","isPartOf":{"@id":"https:\/\/www.ccsaksesuar.com\/#website"},"primaryImageOfPage":{"@id":"https:\/\/www.ccsaksesuar.com\/ccs-hakkimizda\/#primaryimage"},"image":{"@id":"https:\/\/www.ccsaksesuar.com\/ccs-hakkimizda\/#primaryimage"},"thumbnailUrl":"http:\/\/ccsaksesuar.com\/wp-content\/uploads\/2020\/06\/Deri-ve-Teksil-Malzemeleri.png","datePublished":"2020-06-15T12:35:55+00:00","dateModified":"2020-06-19T14:20:28+00:00","description":"With our 30 years of textile industry experience, we support our product supply with our productions according to the demands of the leather and textile industry.We continue to meet the needs of our valued customers with a wide range of products and affordable prices.","breadcrumb":{"@id":"https:\/\/www.ccsaksesuar.com\/ccs-hakkimizda\/#breadcrumb"},"inLanguage":"en-US","potentialAction":[{"@type":"ReadAction","target":["https:\/\/www.ccsaksesuar.com\/ccs-hakkimizda\/"]}]},{"@type":"ImageObject","inLanguage":"en-US","@id":"https:\/\/www.ccsaksesuar.com\/ccs-hakkimizda\/#primaryimage","url":"http:\/\/ccsaksesuar.com\/wp-content\/uploads\/2020\/06\/Deri-ve-Teksil-Malzemeleri.png","contentUrl":"http:\/\/ccsaksesuar.com\/wp-content\/uploads\/2020\/06\/Deri-ve-Teksil-Malzemeleri.png"},{"@type":"BreadcrumbList","@id":"https:\/\/www.ccsaksesuar.com\/ccs-hakkimizda\/#breadcrumb","itemListElement":[{"@type":"ListItem","position":1,"name":"Ana sayfa","item":"https:\/\/www.ccsaksesuar.com\/en\/"},{"@type":"ListItem","position":2,"name":"ABOUT US"}]},{"@type":"WebSite","@id":"https:\/\/www.ccsaksesuar.com\/#website","url":"https:\/\/www.ccsaksesuar.com\/","name":"CCS AKSESUAR","description":"DER\u0130 VE TEKST\u0130L MALZEMELER\u0130","publisher":{"@id":"https:\/\/www.ccsaksesuar.com\/#organization"},"potentialAction":[{"@type":"SearchAction","target":{"@type":"EntryPoint","urlTemplate":"https:\/\/www.ccsaksesuar.com\/?s={search_term_string}"},"query-input":{"@type":"PropertyValueSpecification","valueRequired":true,"valueName":"search_term_string"}}],"inLanguage":"en-US"},{"@type":"Organization","@id":"https:\/\/www.ccsaksesuar.com\/#organization","name":"CCS AKSESUAR","url":"https:\/\/www.ccsaksesuar.com\/","logo":{"@type":"ImageObject","inLanguage":"en-US","@id":"https:\/\/www.ccsaksesuar.com\/#\/schema\/logo\/image\/","url":"","contentUrl":"","caption":"CCS AKSESUAR"},"image":{"@id":"https:\/\/www.ccsaksesuar.com\/#\/schema\/logo\/image\/"}}]}},"_links":{"self":[{"href":"https:\/\/www.ccsaksesuar.com\/en\/wp-json\/wp\/v2\/pages\/4887","targetHints":{"allow":["GET"]}}],"collection":[{"href":"https:\/\/www.ccsaksesuar.com\/en\/wp-json\/wp\/v2\/pages"}],"about":[{"href":"https:\/\/www.ccsaksesuar.com\/en\/wp-json\/wp\/v2\/types\/page"}],"author":[{"embeddable":true,"href":"https:\/\/www.ccsaksesuar.com\/en\/wp-json\/wp\/v2\/users\/2"}],"replies":[{"embeddable":true,"href":"https:\/\/www.ccsaksesuar.com\/en\/wp-json\/wp\/v2\/comments?post=4887"}],"version-history":[{"count":0,"href":"https:\/\/www.ccsaksesuar.com\/en\/wp-json\/wp\/v2\/pages\/4887\/revisions"}],"wp:attachment":[{"href":"https:\/\/www.ccsaksesuar.com\/en\/wp-json\/wp\/v2\/media?parent=4887"}],"curies":[{"name":"wp","href":"https:\/\/api.w.org\/{rel}","templated":true}]}}