{"id":4903,"date":"2020-06-15T17:36:54","date_gmt":"2020-06-15T14:36:54","guid":{"rendered":"http:\/\/ccsaksesuar.com\/?page_id=4903"},"modified":"2020-06-19T16:00:19","modified_gmt":"2020-06-19T13:00:19","slug":"cord-thread","status":"publish","type":"page","link":"https:\/\/www.ccsaksesuar.com\/en\/our-products\/cord-thread\/","title":{"rendered":"CORD THREAD"},"content":{"rendered":"<p><div class=\"fusion-fullwidth fullwidth-box fusion-builder-row-1 nonhundred-percent-fullwidth non-hundred-percent-height-scrolling\" style=\"--awb-border-radius-top-left:0px;--awb-border-radius-top-right:0px;--awb-border-radius-bottom-right:0px;--awb-border-radius-bottom-left:0px;--awb-flex-wrap:wrap;\" ><div class=\"fusion-builder-row fusion-row\"><div class=\"fusion-layout-column fusion_builder_column fusion-builder-column-0 fusion_builder_column_1_1 1_1 fusion-one-full fusion-column-first fusion-column-last\" style=\"--awb-bg-size:cover;\"><div class=\"fusion-column-wrapper fusion-flex-column-wrapper-legacy\"><div class=\"fusion-text fusion-text-1\"><h2 class=\"fusion-responsive-typography-calculated\" style=\"text-align: center;\" data-fontsize=\"40\" data-lineheight=\"60px\"><span style=\"color: #ff0000;\"><strong>C.C.S\u00a0 CORD THREAD\u00a0<\/strong><\/span><\/h2>\n<hr \/>\n<p class=\"fusion-responsive-typography-calculated\" style=\"text-align: left;\" data-fontsize=\"21\" data-lineheight=\"31.5px\"><span style=\"color: #000000;\">We produce daily cord yarn of 15,000 meters in desired thickness (denye) and color. We meet the demands of our valued customers with\u00a0<\/span><\/p>\n<p><span style=\"color: #000000;\"><img decoding=\"async\" class=\"lazyload  wp-image-4729 alignright\" src=\"http:\/\/ccsaksesuar.com\/wp-content\/uploads\/2020\/06\/kordon-ipi-150x150.jpg\" data-orig-src=\"http:\/\/ccsaksesuar.com\/wp-content\/uploads\/2020\/06\/kordon-ipi-150x150.jpg\" alt=\"cord threah\" width=\"258\" height=\"258\" srcset=\"data:image\/svg+xml,%3Csvg%20xmlns%3D%27http%3A%2F%2Fwww.w3.org%2F2000%2Fsvg%27%20width%3D%27258%27%20height%3D%27258%27%20viewBox%3D%270%200%20258%20258%27%3E%3Crect%20width%3D%27258%27%20height%3D%27258%27%20fill-opacity%3D%220%22%2F%3E%3C%2Fsvg%3E\" data-srcset=\"https:\/\/www.ccsaksesuar.com\/wp-content\/uploads\/2020\/06\/kordon-ipi-66x66.jpg 66w, https:\/\/www.ccsaksesuar.com\/wp-content\/uploads\/2020\/06\/kordon-ipi-150x150.jpg 150w, https:\/\/www.ccsaksesuar.com\/wp-content\/uploads\/2020\/06\/kordon-ipi.jpg 470w\" data-sizes=\"auto\" data-orig-sizes=\"(max-width: 258px) 100vw, 258px\" \/>the most suitable cord yarn price, quality service and fastest delivery times in market conditions.<\/span><\/p>\n<p><span style=\"color: #000000;\">Cord yarns are used in all areas of our lives today. The following information is given for intensive use areas.<\/span><\/p>\n<p><span style=\"color: #000000;\"><strong>Cord Yarn Usage areas;<\/strong><\/span><\/p>\n<ul>\n<li><span style=\"color: #000000;\">Tracksuit bottom-top,<\/span><\/li>\n<li><span style=\"color: #000000;\">Coat,<\/span><\/li>\n<li><span style=\"color: #000000;\">Bag mouths,<\/span><\/li>\n<li><span style=\"color: #000000;\">In glasses containers, etc. polyp cord thread is used in many categories.<\/span><\/li>\n<\/ul>\n<p><span style=\"color: #000000;\"><strong>For more<\/strong><\/span> \u2192 <span style=\"color: #000000;\"><em><strong><a style=\"color: #000000;\" href=\"http:\/\/ccsaksesuar.com\/en\/our-products\/\">CCS PRODUCTS<\/a><\/strong><\/em><\/span><\/p>\n<\/div><div class=\"fusion-clearfix\"><\/div><\/div><\/div><\/div><\/div><div class=\"fusion-fullwidth fullwidth-box fusion-builder-row-2 nonhundred-percent-fullwidth non-hundred-percent-height-scrolling\" style=\"--awb-border-radius-top-left:0px;--awb-border-radius-top-right:0px;--awb-border-radius-bottom-right:0px;--awb-border-radius-bottom-left:0px;--awb-margin-top:30px;--awb-margin-bottom:30px;--awb-flex-wrap:wrap;\" ><div class=\"fusion-builder-row fusion-row\"><div class=\"fusion-layout-column fusion_builder_column fusion-builder-column-1 fusion_builder_column_1_1 1_1 fusion-one-full fusion-column-first fusion-column-last\" style=\"--awb-bg-size:cover;\"><div class=\"fusion-column-wrapper fusion-column-has-shadow fusion-flex-column-wrapper-legacy\"><div class=\"fusion-social-links fusion-social-links-1\" style=\"--awb-margin-top:0px;--awb-margin-right:0px;--awb-margin-bottom:0px;--awb-margin-left:0px;--awb-box-border-top:0px;--awb-box-border-right:0px;--awb-box-border-bottom:0px;--awb-box-border-left:0px;--awb-icon-colors-hover:rgba(190,189,189,0.8);--awb-box-colors-hover:rgba(232,232,232,0.8);--awb-box-border-color:var(--awb-color3);--awb-box-border-color-hover:var(--awb-color4);\"><div class=\"fusion-social-networks boxed-icons color-type-brand\"><div class=\"fusion-social-networks-wrapper\"><a class=\"fusion-social-network-icon fusion-tooltip fusion-facebook awb-icon-facebook\" style=\"color:#ffffff;font-size:16px;width:16px;background-color:#3b5998;border-color:#3b5998;border-radius:5px;\" data-placement=\"top\" data-title=\"Facebook\" data-toggle=\"tooltip\" title=\"Facebook\" aria-label=\"facebook\" target=\"_blank\" rel=\"noopener noreferrer\" href=\"#\"><\/a><a class=\"fusion-social-network-icon fusion-tooltip fusion-instagram awb-icon-instagram\" style=\"color:#ffffff;font-size:16px;width:16px;background-color:#c13584;border-color:#c13584;border-radius:5px;\" data-placement=\"top\" data-title=\"Instagram\" data-toggle=\"tooltip\" title=\"Instagram\" aria-label=\"instagram\" target=\"_blank\" rel=\"noopener noreferrer\" href=\"#\"><\/a><a class=\"fusion-social-network-icon fusion-tooltip fusion-twitter awb-icon-twitter\" style=\"color:#ffffff;font-size:16px;width:16px;background-color:#000000;border-color:#000000;border-radius:5px;\" data-placement=\"top\" data-title=\"X\" data-toggle=\"tooltip\" title=\"X\" aria-label=\"twitter\" target=\"_blank\" rel=\"noopener noreferrer\" href=\"#\"><\/a><a class=\"fusion-social-network-icon fusion-tooltip fusion-whatsapp awb-icon-whatsapp\" style=\"color:#ffffff;font-size:16px;width:16px;background-color:#77e878;border-color:#77e878;border-radius:5px;\" data-placement=\"top\" data-title=\"WhatsApp\" data-toggle=\"tooltip\" title=\"WhatsApp\" aria-label=\"whatsapp\" target=\"_blank\" rel=\"noopener noreferrer\" href=\"https:\/\/api.whatsapp.com\/send?phone=905392698910&amp;text=Hi,%20i%20need%20some%20information%20about%20your%20products.\"><\/a><\/div><\/div><\/div><div class=\"fusion-clearfix\"><\/div><\/div><\/div><\/div><\/div><\/p>\n","protected":false},"excerpt":{"rendered":"","protected":false},"author":2,"featured_media":0,"parent":4892,"menu_order":40,"comment_status":"closed","ping_status":"closed","template":"100-width.php","meta":{"_joinchat":[],"footnotes":""},"class_list":["post-4903","page","type-page","status-publish","hentry"],"yoast_head":"<!-- This site is optimized with the Yoast SEO plugin v27.4 - https:\/\/yoast.com\/product\/yoast-seo-wordpress\/ -->\n<title>CORD THREAD - CCS Leather &amp; Textile Materials - Zipper - Fiber - Quilted<\/title>\n<meta name=\"description\" content=\"Leather and Textile Materials; Zipper, Fiber, Accessory, Quilted, Cord thread.. You can visit our website for more CCS products.\" \/>\n<meta name=\"robots\" content=\"index, follow, max-snippet:-1, max-image-preview:large, max-video-preview:-1\" \/>\n<link rel=\"canonical\" href=\"https:\/\/www.ccsaksesuar.com\/urunler\/kordon-iplik\/\" \/>\n<meta property=\"og:locale\" content=\"en_US\" \/>\n<meta property=\"og:type\" content=\"article\" \/>\n<meta property=\"og:title\" content=\"CORD THREAD - CCS Leather &amp; Textile Materials - Zipper - Fiber - Quilted\" \/>\n<meta property=\"og:description\" content=\"Leather and Textile Materials; Zipper, Fiber, Accessory, Quilted, Cord thread.. You can visit our website for more CCS products.\" \/>\n<meta property=\"og:url\" content=\"https:\/\/www.ccsaksesuar.com\/urunler\/kordon-iplik\/\" \/>\n<meta property=\"og:site_name\" content=\"CCS FERMUAR &amp; DER\u0130 VE TEKST\u0130L MALZEMELER\u0130\" \/>\n<meta property=\"article:modified_time\" content=\"2020-06-19T13:00:19+00:00\" \/>\n<meta property=\"og:image\" content=\"http:\/\/ccsaksesuar.com\/wp-content\/uploads\/2020\/06\/kordon-ipi-150x150.jpg\" \/>\n<meta name=\"twitter:card\" content=\"summary_large_image\" \/>\n<meta name=\"twitter:label1\" content=\"Est. reading time\" \/>\n\t<meta name=\"twitter:data1\" content=\"4 minutes\" \/>\n<script type=\"application\/ld+json\" class=\"yoast-schema-graph\">{\"@context\":\"https:\\\/\\\/schema.org\",\"@graph\":[{\"@type\":\"WebPage\",\"@id\":\"https:\\\/\\\/www.ccsaksesuar.com\\\/urunler\\\/kordon-iplik\\\/\",\"url\":\"https:\\\/\\\/www.ccsaksesuar.com\\\/urunler\\\/kordon-iplik\\\/\",\"name\":\"CORD THREAD - CCS Leather & Textile Materials - Zipper - Fiber - Quilted\",\"isPartOf\":{\"@id\":\"https:\\\/\\\/www.ccsaksesuar.com\\\/#website\"},\"primaryImageOfPage\":{\"@id\":\"https:\\\/\\\/www.ccsaksesuar.com\\\/urunler\\\/kordon-iplik\\\/#primaryimage\"},\"image\":{\"@id\":\"https:\\\/\\\/www.ccsaksesuar.com\\\/urunler\\\/kordon-iplik\\\/#primaryimage\"},\"thumbnailUrl\":\"http:\\\/\\\/ccsaksesuar.com\\\/wp-content\\\/uploads\\\/2020\\\/06\\\/kordon-ipi-150x150.jpg\",\"datePublished\":\"2020-06-15T14:36:54+00:00\",\"dateModified\":\"2020-06-19T13:00:19+00:00\",\"description\":\"Leather and Textile Materials; Zipper, Fiber, Accessory, Quilted, Cord thread.. You can visit our website for more CCS products.\",\"breadcrumb\":{\"@id\":\"https:\\\/\\\/www.ccsaksesuar.com\\\/urunler\\\/kordon-iplik\\\/#breadcrumb\"},\"inLanguage\":\"en-US\",\"potentialAction\":[{\"@type\":\"ReadAction\",\"target\":[\"https:\\\/\\\/www.ccsaksesuar.com\\\/urunler\\\/kordon-iplik\\\/\"]}]},{\"@type\":\"ImageObject\",\"inLanguage\":\"en-US\",\"@id\":\"https:\\\/\\\/www.ccsaksesuar.com\\\/urunler\\\/kordon-iplik\\\/#primaryimage\",\"url\":\"http:\\\/\\\/ccsaksesuar.com\\\/wp-content\\\/uploads\\\/2020\\\/06\\\/kordon-ipi-150x150.jpg\",\"contentUrl\":\"http:\\\/\\\/ccsaksesuar.com\\\/wp-content\\\/uploads\\\/2020\\\/06\\\/kordon-ipi-150x150.jpg\"},{\"@type\":\"BreadcrumbList\",\"@id\":\"https:\\\/\\\/www.ccsaksesuar.com\\\/urunler\\\/kordon-iplik\\\/#breadcrumb\",\"itemListElement\":[{\"@type\":\"ListItem\",\"position\":1,\"name\":\"Ana sayfa\",\"item\":\"https:\\\/\\\/www.ccsaksesuar.com\\\/en\\\/\"},{\"@type\":\"ListItem\",\"position\":2,\"name\":\"OUR PRODUCTS\",\"item\":\"https:\\\/\\\/www.ccsaksesuar.com\\\/en\\\/our-products\\\/\"},{\"@type\":\"ListItem\",\"position\":3,\"name\":\"CORD THREAD\"}]},{\"@type\":\"WebSite\",\"@id\":\"https:\\\/\\\/www.ccsaksesuar.com\\\/#website\",\"url\":\"https:\\\/\\\/www.ccsaksesuar.com\\\/\",\"name\":\"CCS AKSESUAR\",\"description\":\"DER\u0130 VE TEKST\u0130L MALZEMELER\u0130\",\"publisher\":{\"@id\":\"https:\\\/\\\/www.ccsaksesuar.com\\\/#organization\"},\"potentialAction\":[{\"@type\":\"SearchAction\",\"target\":{\"@type\":\"EntryPoint\",\"urlTemplate\":\"https:\\\/\\\/www.ccsaksesuar.com\\\/?s={search_term_string}\"},\"query-input\":{\"@type\":\"PropertyValueSpecification\",\"valueRequired\":true,\"valueName\":\"search_term_string\"}}],\"inLanguage\":\"en-US\"},{\"@type\":\"Organization\",\"@id\":\"https:\\\/\\\/www.ccsaksesuar.com\\\/#organization\",\"name\":\"CCS AKSESUAR\",\"url\":\"https:\\\/\\\/www.ccsaksesuar.com\\\/\",\"logo\":{\"@type\":\"ImageObject\",\"inLanguage\":\"en-US\",\"@id\":\"https:\\\/\\\/www.ccsaksesuar.com\\\/#\\\/schema\\\/logo\\\/image\\\/\",\"url\":\"\",\"contentUrl\":\"\",\"caption\":\"CCS AKSESUAR\"},\"image\":{\"@id\":\"https:\\\/\\\/www.ccsaksesuar.com\\\/#\\\/schema\\\/logo\\\/image\\\/\"}}]}<\/script>\n<!-- \/ Yoast SEO plugin. -->","yoast_head_json":{"title":"CORD THREAD - CCS Leather & Textile Materials - Zipper - Fiber - Quilted","description":"Leather and Textile Materials; Zipper, Fiber, Accessory, Quilted, Cord thread.. You can visit our website for more CCS products.","robots":{"index":"index","follow":"follow","max-snippet":"max-snippet:-1","max-image-preview":"max-image-preview:large","max-video-preview":"max-video-preview:-1"},"canonical":"https:\/\/www.ccsaksesuar.com\/urunler\/kordon-iplik\/","og_locale":"en_US","og_type":"article","og_title":"CORD THREAD - CCS Leather & Textile Materials - Zipper - Fiber - Quilted","og_description":"Leather and Textile Materials; Zipper, Fiber, Accessory, Quilted, Cord thread.. You can visit our website for more CCS products.","og_url":"https:\/\/www.ccsaksesuar.com\/urunler\/kordon-iplik\/","og_site_name":"CCS FERMUAR &amp; DER\u0130 VE TEKST\u0130L MALZEMELER\u0130","article_modified_time":"2020-06-19T13:00:19+00:00","og_image":[{"url":"http:\/\/ccsaksesuar.com\/wp-content\/uploads\/2020\/06\/kordon-ipi-150x150.jpg","type":"","width":"","height":""}],"twitter_card":"summary_large_image","twitter_misc":{"Est. reading time":"4 minutes"},"schema":{"@context":"https:\/\/schema.org","@graph":[{"@type":"WebPage","@id":"https:\/\/www.ccsaksesuar.com\/urunler\/kordon-iplik\/","url":"https:\/\/www.ccsaksesuar.com\/urunler\/kordon-iplik\/","name":"CORD THREAD - CCS Leather & Textile Materials - Zipper - Fiber - Quilted","isPartOf":{"@id":"https:\/\/www.ccsaksesuar.com\/#website"},"primaryImageOfPage":{"@id":"https:\/\/www.ccsaksesuar.com\/urunler\/kordon-iplik\/#primaryimage"},"image":{"@id":"https:\/\/www.ccsaksesuar.com\/urunler\/kordon-iplik\/#primaryimage"},"thumbnailUrl":"http:\/\/ccsaksesuar.com\/wp-content\/uploads\/2020\/06\/kordon-ipi-150x150.jpg","datePublished":"2020-06-15T14:36:54+00:00","dateModified":"2020-06-19T13:00:19+00:00","description":"Leather and Textile Materials; Zipper, Fiber, Accessory, Quilted, Cord thread.. You can visit our website for more CCS products.","breadcrumb":{"@id":"https:\/\/www.ccsaksesuar.com\/urunler\/kordon-iplik\/#breadcrumb"},"inLanguage":"en-US","potentialAction":[{"@type":"ReadAction","target":["https:\/\/www.ccsaksesuar.com\/urunler\/kordon-iplik\/"]}]},{"@type":"ImageObject","inLanguage":"en-US","@id":"https:\/\/www.ccsaksesuar.com\/urunler\/kordon-iplik\/#primaryimage","url":"http:\/\/ccsaksesuar.com\/wp-content\/uploads\/2020\/06\/kordon-ipi-150x150.jpg","contentUrl":"http:\/\/ccsaksesuar.com\/wp-content\/uploads\/2020\/06\/kordon-ipi-150x150.jpg"},{"@type":"BreadcrumbList","@id":"https:\/\/www.ccsaksesuar.com\/urunler\/kordon-iplik\/#breadcrumb","itemListElement":[{"@type":"ListItem","position":1,"name":"Ana sayfa","item":"https:\/\/www.ccsaksesuar.com\/en\/"},{"@type":"ListItem","position":2,"name":"OUR PRODUCTS","item":"https:\/\/www.ccsaksesuar.com\/en\/our-products\/"},{"@type":"ListItem","position":3,"name":"CORD THREAD"}]},{"@type":"WebSite","@id":"https:\/\/www.ccsaksesuar.com\/#website","url":"https:\/\/www.ccsaksesuar.com\/","name":"CCS AKSESUAR","description":"DER\u0130 VE TEKST\u0130L MALZEMELER\u0130","publisher":{"@id":"https:\/\/www.ccsaksesuar.com\/#organization"},"potentialAction":[{"@type":"SearchAction","target":{"@type":"EntryPoint","urlTemplate":"https:\/\/www.ccsaksesuar.com\/?s={search_term_string}"},"query-input":{"@type":"PropertyValueSpecification","valueRequired":true,"valueName":"search_term_string"}}],"inLanguage":"en-US"},{"@type":"Organization","@id":"https:\/\/www.ccsaksesuar.com\/#organization","name":"CCS AKSESUAR","url":"https:\/\/www.ccsaksesuar.com\/","logo":{"@type":"ImageObject","inLanguage":"en-US","@id":"https:\/\/www.ccsaksesuar.com\/#\/schema\/logo\/image\/","url":"","contentUrl":"","caption":"CCS AKSESUAR"},"image":{"@id":"https:\/\/www.ccsaksesuar.com\/#\/schema\/logo\/image\/"}}]}},"_links":{"self":[{"href":"https:\/\/www.ccsaksesuar.com\/en\/wp-json\/wp\/v2\/pages\/4903","targetHints":{"allow":["GET"]}}],"collection":[{"href":"https:\/\/www.ccsaksesuar.com\/en\/wp-json\/wp\/v2\/pages"}],"about":[{"href":"https:\/\/www.ccsaksesuar.com\/en\/wp-json\/wp\/v2\/types\/page"}],"author":[{"embeddable":true,"href":"https:\/\/www.ccsaksesuar.com\/en\/wp-json\/wp\/v2\/users\/2"}],"replies":[{"embeddable":true,"href":"https:\/\/www.ccsaksesuar.com\/en\/wp-json\/wp\/v2\/comments?post=4903"}],"version-history":[{"count":0,"href":"https:\/\/www.ccsaksesuar.com\/en\/wp-json\/wp\/v2\/pages\/4903\/revisions"}],"up":[{"embeddable":true,"href":"https:\/\/www.ccsaksesuar.com\/en\/wp-json\/wp\/v2\/pages\/4892"}],"wp:attachment":[{"href":"https:\/\/www.ccsaksesuar.com\/en\/wp-json\/wp\/v2\/media?parent=4903"}],"curies":[{"name":"wp","href":"https:\/\/api.w.org\/{rel}","templated":true}]}}