{"id":4907,"date":"2020-06-15T17:38:31","date_gmt":"2020-06-15T14:38:31","guid":{"rendered":"http:\/\/ccsaksesuar.com\/?page_id=4907"},"modified":"2020-06-15T18:25:45","modified_gmt":"2020-06-15T15:25:45","slug":"what-is-zipper","status":"publish","type":"page","link":"https:\/\/www.ccsaksesuar.com\/en\/blog\/what-is-zipper\/","title":{"rendered":"What is zipper?"},"content":{"rendered":"<div class=\"fusion-fullwidth fullwidth-box fusion-builder-row-1 nonhundred-percent-fullwidth non-hundred-percent-height-scrolling\" style=\"--awb-border-radius-top-left:0px;--awb-border-radius-top-right:0px;--awb-border-radius-bottom-right:0px;--awb-border-radius-bottom-left:0px;--awb-margin-top:35px;--awb-flex-wrap:wrap;\" ><div class=\"fusion-builder-row fusion-row\"><div class=\"fusion-layout-column fusion_builder_column fusion-builder-column-0 fusion_builder_column_1_1 1_1 fusion-one-full fusion-column-first fusion-column-last\" style=\"--awb-bg-size:cover;\"><div class=\"fusion-column-wrapper fusion-flex-column-wrapper-legacy\"><div class=\"fusion-text fusion-text-1\"><h4><span style=\"color: #ff0000;\"><strong>Fermuar Nedir?<\/strong><\/span><\/h4>\n<p><span style=\"color: #000000;\">G\u00fcnl\u00fck ya\u015fant\u0131m\u0131zda k\u0131yafetten ev tekstiline, dekorasyondan moda sekt\u00f6r\u00fcne kadar yayg\u0131n olarak b\u00fct\u00fcn sekt\u00f6rlerde kullan\u0131lan \u201cFermuar nedir?\u201d<\/span><\/p>\n<p><span style=\"color: #000000;\">Fermuar; elbise, \u00e7anta, \u00e7izme ve benzeri e\u015fyan\u0131n yaka, cep gibi a\u00e7\u0131l\u0131p kapanmas\u0131 gereken yerlerine dikilerek yerle\u015ftirilen, \u00fczerindeki s\u00fcrg\u00fc \u00e7ekilince kar\u015f\u0131l\u0131kl\u0131 di\u015flerinin birbirine ge\u00e7mesi ve kenetlenmesi suretiyle dikildi\u011fi kuma\u015f veya derinin iki par\u00e7as\u0131n\u0131 birle\u015ftiren \u015ferit bi\u00e7iminde ara\u00e7.<\/span><\/p>\n<p><span style=\"color: #000000;\">Fermuar\u0131n tan\u0131m\u0131n\u0131 k\u0131saca bu \u015fekilde \u00f6zetleyebiliriz.<\/span><\/p>\n<p><span style=\"color: #000000;\">Peki, g\u00fcnl\u00fck ya\u015fant\u0131m\u0131z\u0131n vazge\u00e7ilmezi olan Fermuar\u2019\u0131n olu\u015fumu ve geli\u015fim s\u00fcre\u00e7leri nelerdir? Fermuar nedir? ve neden \u00f6nemlidir?<\/span><\/p>\n<h4><strong><span style=\"color: #ff0000;\">Fermuar\u2019\u0131n Tarih\u00e7esi<br \/>\n<\/span><\/strong><\/h4>\n<p><span style=\"color: #000000;\">Chicago\u2019dan\u00a0<strong>Whitcomb Judson<\/strong> \u00a0Amerikal\u0131 makinesi sat\u0131c\u0131s\u0131, makine m\u00fchendisi ve mucit. 16 y\u0131ll\u0131k kariyerinde 30&#8217;a yak\u0131n icad\u0131n patentini alm\u0131\u015ft\u0131r. Bunlar\u0131n aras\u0131nda en bilineni demiryollar\u0131 ile ilgili bir \u00e7al\u0131\u015fmas\u0131ndan yola \u00e7\u0131karak buldu\u011fu fermuard\u0131r.<\/span><br \/>\n<span style=\"color: #000000;\">1893 y\u0131l\u0131nda ilkel fermuar diyebilece\u011fimiz bir tasar\u0131m\u0131n patentini sat\u0131n ald\u0131. Ancak bu patentte fermuar kelimesi ge\u00e7miyordu.<\/span><br \/>\n<span style=\"color: #000000;\">Patentini ald\u0131\u011f\u0131 tasar\u0131m\u0131n ismi \u201cClasp-Locker\u201d, dilimize uyarlanm\u0131\u015f hali \u201ckancal\u0131 toka\u201d karma\u015f\u0131k bir ayakkab\u0131 tokas\u0131yd\u0131.<\/span><br \/>\n<span style=\"color: #000000;\">Uzun ayakkab\u0131 ba\u011f\u0131n\u0131n yerine kullan\u0131lmak \u00fczere icat etmi\u015fti.<\/span><\/p>\n<div id=\"attachment_3601\" style=\"width: 650px\" class=\"wp-caption aligncenter\"><img decoding=\"async\" aria-describedby=\"caption-attachment-3601\" class=\"lazyload wp-image-3601 \" src=\"http:\/\/ccsaksesuar.com\/wp-content\/uploads\/2020\/02\/1_82.jpeg\" data-orig-src=\"http:\/\/ccsaksesuar.com\/wp-content\/uploads\/2020\/02\/1_82.jpeg\" alt=\"Fermuar-nezaman-bulundu\" width=\"640\" height=\"440\" srcset=\"data:image\/svg+xml,%3Csvg%20xmlns%3D%27http%3A%2F%2Fwww.w3.org%2F2000%2Fsvg%27%20width%3D%27640%27%20height%3D%27440%27%20viewBox%3D%270%200%20640%20440%27%3E%3Crect%20width%3D%27640%27%20height%3D%27440%27%20fill-opacity%3D%220%22%2F%3E%3C%2Fsvg%3E\" data-srcset=\"https:\/\/www.ccsaksesuar.com\/wp-content\/uploads\/2020\/02\/1_82-200x138.jpeg 200w, https:\/\/www.ccsaksesuar.com\/wp-content\/uploads\/2020\/02\/1_82-300x206.jpeg 300w, https:\/\/www.ccsaksesuar.com\/wp-content\/uploads\/2020\/02\/1_82-400x275.jpeg 400w, https:\/\/www.ccsaksesuar.com\/wp-content\/uploads\/2020\/02\/1_82-600x413.jpeg 600w, https:\/\/www.ccsaksesuar.com\/wp-content\/uploads\/2020\/02\/1_82.jpeg 640w\" data-sizes=\"auto\" data-orig-sizes=\"(max-width: 640px) 100vw, 640px\" \/><p id=\"caption-attachment-3601\" class=\"wp-caption-text\"><span style=\"color: #000000;\">Whitcomb L. Judson. 7 Mart 1846 &#8211; 7 Aral\u0131k 1909<\/span><\/p><\/div>\n<p><strong>\u00a0<\/strong><span style=\"color: #000000;\">Ayn\u0131 y\u0131l, Chicago Panay\u0131r\u0131nda sergilendi\u011finde, Albay Lewis Walker\u2019in dikkatini \u00e7ekti. Walker, ayn\u0131 y\u0131l \u201cAutonlatic Hook and Eye Co.\u201d adl\u0131 bir \u015firket kurarak, \u00fcretime ge\u00e7ti. Judson\u2019un bulu\u015funda baz\u0131 tasar\u0131m hatalar\u0131 vard\u0131. Bunlar\u0131n en \u00f6nemlisi, kolayca a\u00e7\u0131labilir bir yap\u0131ya sahip olmas\u0131yd\u0131. Daha geli\u015fmi\u015f bir modeli, 1902 y\u0131l\u0131nda \u201cWalker\u2019s Universal Fastener Co.\u201d adl\u0131 \u015firket taraf\u0131ndan \u201cC-Curity\u201d markas\u0131 alt\u0131nda \u00fcretilerek piyasaya sunuldu.<\/span><br \/>\n<span style=\"color: #000000;\"><em>Ancak halk\u0131n ilgisizli\u011fi yine de s\u00fcr\u00fcyordu.<\/em><\/span><\/p>\n<div id=\"attachment_3603\" style=\"width: 693px\" class=\"wp-caption aligncenter\"><img decoding=\"async\" aria-describedby=\"caption-attachment-3603\" class=\"lazyload wp-image-3603 \" src=\"http:\/\/ccsaksesuar.com\/wp-content\/uploads\/2020\/02\/2_89.jpeg\" data-orig-src=\"http:\/\/ccsaksesuar.com\/wp-content\/uploads\/2020\/02\/2_89.jpeg\" alt=\"fermuar-bulusu\" width=\"683\" height=\"470\" srcset=\"data:image\/svg+xml,%3Csvg%20xmlns%3D%27http%3A%2F%2Fwww.w3.org%2F2000%2Fsvg%27%20width%3D%27683%27%20height%3D%27470%27%20viewBox%3D%270%200%20683%20470%27%3E%3Crect%20width%3D%27683%27%20height%3D%27470%27%20fill-opacity%3D%220%22%2F%3E%3C%2Fsvg%3E\" data-srcset=\"https:\/\/www.ccsaksesuar.com\/wp-content\/uploads\/2020\/02\/2_89-200x138.jpeg 200w, https:\/\/www.ccsaksesuar.com\/wp-content\/uploads\/2020\/02\/2_89-300x206.jpeg 300w, https:\/\/www.ccsaksesuar.com\/wp-content\/uploads\/2020\/02\/2_89-400x275.jpeg 400w, https:\/\/www.ccsaksesuar.com\/wp-content\/uploads\/2020\/02\/2_89-600x413.jpeg 600w, https:\/\/www.ccsaksesuar.com\/wp-content\/uploads\/2020\/02\/2_89.jpeg 640w\" data-sizes=\"auto\" data-orig-sizes=\"(max-width: 683px) 100vw, 683px\" \/><p id=\"caption-attachment-3603\" class=\"wp-caption-text\"><span style=\"color: #000000;\">\u00a0 \u00a0 \u00a0 \u00a0 Ayakkab\u0131 ba\u011f\u0131n\u0131n yerine kullanmak \u00fczere ald\u0131\u011f\u0131 patent g\u00f6rseli.<\/span><\/p><\/div>\n<h4><span style=\"color: #ff0000;\"><strong>Fermuar\u2019\u0131n Geli\u015fimi<\/strong><\/span><\/h4>\n<p><span style=\"color: #000000;\">En sonunda \u0130sve\u00e7 as\u0131ll\u0131 m\u00fchendis\u00a0<strong>Gideon Sundback<\/strong>, esnek ve\u00a0g\u00fcvenilir olmas\u0131 i\u00e7in ba\u011flay\u0131c\u0131lar\u0131n k\u00fc\u00e7\u00fck olmas\u0131 gerekti\u011fini fark etti. Bu do\u011frultuda hareket ederek bug\u00fcn bildi\u011fimiz modern fermuar tipini geli\u015ftirdi ve patentini 29 Nisan 1913 g\u00fcn\u00fc ald\u0131.<\/span><\/p>\n\n\t\t<style type=\"text\/css\">\n\t\t\t#gallery-1 {\n\t\t\t\tmargin: auto;\n\t\t\t}\n\t\t\t#gallery-1 .gallery-item {\n\t\t\t\tfloat: left;\n\t\t\t\tmargin-top: 10px;\n\t\t\t\ttext-align: center;\n\t\t\t\twidth: 33%;\n\t\t\t}\n\t\t\t#gallery-1 img {\n\t\t\t\tborder: 2px solid #cfcfcf;\n\t\t\t}\n\t\t\t#gallery-1 .gallery-caption {\n\t\t\t\tmargin-left: 0;\n\t\t\t}\n\t\t\t\/* see gallery_shortcode() in wp-includes\/media.php *\/\n\t\t<\/style>\n\t\t<div id='gallery-1' class='gallery galleryid-4907 gallery-columns-3 gallery-size-full'><dl class='gallery-item'>\n\t\t\t<dt class='gallery-icon landscape'>\n\t\t\t\t<img decoding=\"async\" width=\"640\" height=\"440\" src=\"https:\/\/www.ccsaksesuar.com\/wp-content\/uploads\/2020\/02\/3_93.jpeg\" class=\"attachment-full size-full lazyload\" alt=\"fermuar-patent\" aria-describedby=\"gallery-1-3606\" srcset=\"data:image\/svg+xml,%3Csvg%20xmlns%3D%27http%3A%2F%2Fwww.w3.org%2F2000%2Fsvg%27%20width%3D%27640%27%20height%3D%27440%27%20viewBox%3D%270%200%20640%20440%27%3E%3Crect%20width%3D%27640%27%20height%3D%27440%27%20fill-opacity%3D%220%22%2F%3E%3C%2Fsvg%3E\" data-orig-src=\"https:\/\/www.ccsaksesuar.com\/wp-content\/uploads\/2020\/02\/3_93.jpeg\" data-srcset=\"https:\/\/www.ccsaksesuar.com\/wp-content\/uploads\/2020\/02\/3_93-200x138.jpeg 200w, https:\/\/www.ccsaksesuar.com\/wp-content\/uploads\/2020\/02\/3_93-300x206.jpeg 300w, https:\/\/www.ccsaksesuar.com\/wp-content\/uploads\/2020\/02\/3_93-400x275.jpeg 400w, https:\/\/www.ccsaksesuar.com\/wp-content\/uploads\/2020\/02\/3_93-600x413.jpeg 600w, https:\/\/www.ccsaksesuar.com\/wp-content\/uploads\/2020\/02\/3_93.jpeg 640w\" data-sizes=\"auto\" \/>\n\t\t\t<\/dt>\n\t\t\t\t<dd class='wp-caption-text gallery-caption' id='gallery-1-3606'>\n\t\t\t\tfermuar-satanlar\n\t\t\t\t<\/dd><\/dl>\n\t\t\t<br style='clear: both' \/>\n\t\t<\/div>\n\n<h4><strong><span style=\"color: #ff0000;\">\u0130lk Fermuar<\/span><\/strong><\/h4>\n<p><img decoding=\"async\" class=\"lazyload alignleft wp-image-3607 size-full\" src=\"data:image\/svg+xml,%3Csvg%20xmlns%3D%27http%3A%2F%2Fwww.w3.org%2F2000%2Fsvg%27%20width%3D%27110%27%20height%3D%27175%27%20viewBox%3D%270%200%20110%20175%27%3E%3Crect%20width%3D%27110%27%20height%3D%27175%27%20fill-opacity%3D%220%22%2F%3E%3C%2Fsvg%3E\" data-orig-src=\"http:\/\/ccsaksesuar.com\/wp-content\/uploads\/2020\/02\/ilk_fermuar.jpg\" alt=\"ilk-fermuar\" width=\"110\" height=\"175\" \/><span style=\"color: #000000;\">Amerika\u2019da ya\u015fayan \u0130sve\u00e7li Giedon Sundback taraf\u0131ndan bulunan Fermuar\u0131n kullan\u0131\u015fl\u0131l\u0131\u011f\u0131 ilk kez 1. D\u00fcnya Sava\u015f\u0131\u2019nda ispatlanm\u0131\u015ft\u0131r. 1917\u2019de ABD\u2019nin sava\u015fa girmesiyle, adeta bir gecede fermuar end\u00fcstrisi olu\u015ftu. 1917 y\u0131l\u0131nda Amerikan Deniz Kuvvetleri\u2019nin r\u00fczg\u00e2r ge\u00e7irmeyen montlar\u0131 fermuarlarla b\u00fcy\u00fck i\u015f g\u00f6rm\u00fc\u015f.<\/span><\/p>\n<p><span style=\"color: #000000;\">Amerika\u2019da daha sonra di\u011fer kuvvetler taraf\u0131ndan kullan\u0131lm\u0131\u015f. Askeriyedeki kullan\u0131\u015fl\u0131l\u0131\u011f\u0131 sivil hayatta da 1923 y\u0131l\u0131nda B.G. Work of B.F. Goodrich firmas\u0131 taraf\u0131ndan ge\u00e7irilmi\u015f. 1927 y\u0131l\u0131nda spor k\u0131yafetlerde fermuar \u0130ngiltere\u2019de kullan\u0131lm\u0131\u015f. Moda d\u00fcnyas\u0131 fermuar ile 1930 y\u0131l\u0131nda Mme Schiaparelli sayesinde bayan k\u0131yafetleri \u00fczerinde tan\u0131\u015ft\u0131. 1934 y\u0131l\u0131nda Galler prensi pantolonlar\u0131nda ve montlar\u0131nda fermuar kullan\u0131lmas\u0131n\u0131 istedi.<\/span><\/p>\n<p><span style=\"color: #000000;\"><strong>U\u00e7ak ve bilgisayar\u0131n icad\u0131 daha k\u0131sa s\u00fcrm\u00fc\u015f.<\/strong> Fermuar\u0131n basit yap\u0131s\u0131n\u0131n ard\u0131nda \u00e7ok ciddi bir \u00e7al\u0131\u015fma var. Tasar\u0131m\u0131 olduk\u00e7a uzun bir zaman ald\u0131. Maryland \u00dcniversitesi&#8217;nden tarih\u00e7i Robert Friedel&#8217;e g\u00f6re fermuar tasar\u0131m\u0131 bilgisayar ve u\u00e7a\u011f\u0131n icad\u0131ndan daha uzun s\u00fcrd\u00fc.<\/span><\/p>\n<p><span style=\"color: #000000;\">Fermuar\u0131n yap\u0131m\u0131ndaki en \u00f6nemli nokta tasar\u0131m\u0131yd\u0131. M\u00fckemmel i\u015flemesi i\u00e7in \u00e7ok u\u011fra\u015f\u0131ld\u0131. Ancak icad\u0131n\u0131n \u00fczerinden y\u00fcz y\u0131l ge\u00e7mesine ra\u011fmen g\u00fcn\u00fcm\u00fczde e\u015fyalar i\u00e7in en uygun kapatma y\u00f6ntemi de\u011fildir. Fermuar\u0131n tarihi ile ilgili bir kitap yazan Friedel, onun hak etti\u011fi de\u011feri g\u00f6rmedi\u011fine inan\u0131yor.<\/span><\/p>\n<p><span style=\"color: #000000;\">Fermuar ilk olarak botlarda ve t\u00fct\u00fcn keselerinde kullan\u0131l\u0131yordu. Ortaya \u00e7\u0131k\u0131\u015f\u0131n\u0131n 20. y\u0131l\u0131nda moda sekt\u00f6r\u00fcnde kullan\u0131lmaya ba\u015fland\u0131. \u0130lk tan\u0131t\u0131m\u0131 &#8220;Erkekler i\u00e7in En Yeni Bulu\u015f&#8221; \u015feklinde oldu. Esquire dergisi 1930&#8217;lar\u0131n sonlar\u0131nda yapt\u0131\u011f\u0131 bu slogan ile erkek pantolonlar\u0131n\u0131n fermuar\u0131n\u0131 i\u015faret etti&#8230;<\/span><\/p>\n<p><span style=\"color: #000000;\"><strong>\u00a0<\/strong><\/span><\/p>\n<p><span style=\"color: #000000;\"><strong>1935 y\u0131l\u0131ndan itibaren ise fermuar hayat\u0131m\u0131z\u0131n de\u011fi\u015fmez bir par\u00e7as\u0131 oldu.<\/strong><\/span><\/p>\n<h4><strong><span style=\"color: #ff0000;\">Fermuar\u2019\u0131n Kullan\u0131m Alanlar\u0131 Nelerdir?<br \/>\n<\/span><\/strong><\/h4>\n<p><span style=\"color: #000000;\">Metal Fermuarlar; t\u00fcm sekt\u00f6rlerde kullan\u0131lmaktad\u0131r. Hem aksesuar, hem de gereklilik olarak kullan\u0131ld\u0131\u011f\u0131ndan en \u00e7ok kullan\u0131lan aksesuar \u00e7e\u015fididir diyebiliriz. Ancak en yayg\u0131n olarak kullan\u0131lan, moda sekt\u00f6r\u00fcne y\u00f6n veren fermuar \u00e7e\u015fididir. Ba\u015fl\u0131ca kullan\u0131m alanlar\u0131;<\/span><\/p>\n<ul>\n<li><span style=\"color: #000000;\">Mont Fermuar\u0131,<\/span><\/li>\n<li><span style=\"color: #000000;\">Kaban Fermuar\u0131,<\/span><\/li>\n<li><span style=\"color: #000000;\">Ceket Fermuar\u0131,<\/span><\/li>\n<li><span style=\"color: #000000;\">\u00c7anta Fermuar\u0131,<\/span><\/li>\n<li><span style=\"color: #000000;\">C\u00fczdan Fermuar\u0131,<\/span><\/li>\n<li><span style=\"color: #000000;\">Pantolon Fermuar\u0131,<\/span><\/li>\n<li><span style=\"color: #000000;\">Bot Fermuar\u0131,<\/span><\/li>\n<li><span style=\"color: #000000;\">\u00c7izme Fermuar\u0131,<\/span><\/li>\n<li><span style=\"color: #000000;\">Ayakkab\u0131 Fermuar\u0131 vb.<\/span><\/li>\n<\/ul>\n<p><span style=\"color: #000000;\">Deri ve Tekstil sekt\u00f6r\u00fcn\u00fcn %80\u2019ine hitap eden fermuar t\/5 metal fermuar \u00e7e\u015fididir.<\/span><\/p>\n<p><span style=\"color: #000000;\">Kullan\u0131\u015f yerinin \u00e7oklu\u011fu, basitli\u011fi, kaliteli olanlar\u0131n hemen bozulmamas\u0131 tercih edilmesine sebep olmaktad\u0131r. Kad\u0131nlar\u0131n elbiselerinde, \u00e7anta a\u011f\u0131zlar\u0131na, uyku tulumlar\u0131na, \u00e7izme ve botlara kadar pek yayg\u0131n bir sahada kullan\u0131lmaktad\u0131r.<\/span><\/p>\n<p><span style=\"color: #000000;\"><br \/>\nSizlerde Metal Fermuar sipari\u015fleriniz i\u00e7in bizlerden numune isteyerek \u00fcr\u00fcn\u00fcm\u00fcz\u00fc test edebilirsiniz.<\/span><\/p>\n<\/div><div class=\"fusion-social-links fusion-social-links-1\" style=\"--awb-margin-top:0px;--awb-margin-right:0px;--awb-margin-bottom:0px;--awb-margin-left:0px;--awb-box-border-top:0px;--awb-box-border-right:0px;--awb-box-border-bottom:0px;--awb-box-border-left:0px;--awb-icon-colors-hover:rgba(190,189,189,0.8);--awb-box-colors-hover:rgba(232,232,232,0.8);--awb-box-border-color:var(--awb-color3);--awb-box-border-color-hover:var(--awb-color4);\"><div class=\"fusion-social-networks boxed-icons color-type-brand\"><div class=\"fusion-social-networks-wrapper\"><a class=\"fusion-social-network-icon fusion-tooltip fusion-facebook awb-icon-facebook\" style=\"color:#ffffff;font-size:16px;width:16px;background-color:#3b5998;border-color:#3b5998;border-radius:4px;\" data-placement=\"top\" data-title=\"Facebook\" data-toggle=\"tooltip\" title=\"Facebook\" aria-label=\"facebook\" target=\"_blank\" rel=\"noopener noreferrer\" href=\"#\"><\/a><a class=\"fusion-social-network-icon fusion-tooltip fusion-instagram awb-icon-instagram\" style=\"color:#ffffff;font-size:16px;width:16px;background-color:#c13584;border-color:#c13584;border-radius:4px;\" data-placement=\"top\" data-title=\"Instagram\" data-toggle=\"tooltip\" title=\"Instagram\" aria-label=\"instagram\" target=\"_blank\" rel=\"noopener noreferrer\" href=\"#\"><\/a><a class=\"fusion-social-network-icon fusion-tooltip fusion-twitter awb-icon-twitter\" style=\"color:#ffffff;font-size:16px;width:16px;background-color:#000000;border-color:#000000;border-radius:4px;\" data-placement=\"top\" data-title=\"X\" data-toggle=\"tooltip\" title=\"X\" aria-label=\"twitter\" target=\"_blank\" rel=\"noopener noreferrer\" href=\"#\"><\/a><a class=\"fusion-social-network-icon fusion-tooltip fusion-mail awb-icon-mail\" style=\"color:#ffffff;font-size:16px;width:16px;background-color:#000000;border-color:#000000;border-radius:4px;\" data-placement=\"top\" data-title=\"Email\" data-toggle=\"tooltip\" title=\"Email\" aria-label=\"mail\" target=\"_blank\" rel=\"noopener noreferrer\" href=\"mailto:&#105;n&#102;&#111;&#064;&#099;c&#115;ak&#115;es&#117;ar.&#099;om\"><\/a><\/div><\/div><\/div><div class=\"fusion-clearfix\"><\/div><\/div><\/div><\/div><\/div>\n","protected":false},"excerpt":{"rendered":"","protected":false},"author":2,"featured_media":0,"parent":4916,"menu_order":10,"comment_status":"open","ping_status":"closed","template":"100-width.php","meta":{"_joinchat":[],"footnotes":""},"class_list":["post-4907","page","type-page","status-publish","hentry"],"yoast_head":"<!-- This site is optimized with the Yoast SEO plugin v27.5 - https:\/\/yoast.com\/product\/yoast-seo-wordpress\/ -->\n<title>What is zipper? - CCS FERMUAR &amp; DER\u0130 VE TEKST\u0130L MALZEMELER\u0130<\/title>\n<meta name=\"robots\" content=\"index, follow, max-snippet:-1, max-image-preview:large, max-video-preview:-1\" \/>\n<link rel=\"canonical\" href=\"https:\/\/www.ccsaksesuar.com\/en\/blog\/what-is-zipper\/\" \/>\n<meta property=\"og:locale\" content=\"en_US\" \/>\n<meta property=\"og:type\" content=\"article\" \/>\n<meta property=\"og:title\" content=\"What is zipper? - CCS FERMUAR &amp; DER\u0130 VE TEKST\u0130L MALZEMELER\u0130\" \/>\n<meta property=\"og:url\" content=\"https:\/\/www.ccsaksesuar.com\/en\/blog\/what-is-zipper\/\" \/>\n<meta property=\"og:site_name\" content=\"CCS FERMUAR &amp; DER\u0130 VE TEKST\u0130L MALZEMELER\u0130\" \/>\n<meta property=\"article:modified_time\" content=\"2020-06-15T15:25:45+00:00\" \/>\n<meta property=\"og:image\" content=\"http:\/\/ccsaksesuar.com\/wp-content\/uploads\/2020\/02\/1_82.jpeg\" \/>\n<meta name=\"twitter:card\" content=\"summary_large_image\" \/>\n<meta name=\"twitter:label1\" content=\"Est. reading time\" \/>\n\t<meta name=\"twitter:data1\" content=\"6 minutes\" \/>\n<script type=\"application\/ld+json\" class=\"yoast-schema-graph\">{\"@context\":\"https:\\\/\\\/schema.org\",\"@graph\":[{\"@type\":\"WebPage\",\"@id\":\"https:\\\/\\\/www.ccsaksesuar.com\\\/en\\\/blog\\\/what-is-zipper\\\/\",\"url\":\"https:\\\/\\\/www.ccsaksesuar.com\\\/en\\\/blog\\\/what-is-zipper\\\/\",\"name\":\"What is zipper? - CCS FERMUAR &amp; DER\u0130 VE TEKST\u0130L MALZEMELER\u0130\",\"isPartOf\":{\"@id\":\"https:\\\/\\\/www.ccsaksesuar.com\\\/#website\"},\"primaryImageOfPage\":{\"@id\":\"https:\\\/\\\/www.ccsaksesuar.com\\\/en\\\/blog\\\/what-is-zipper\\\/#primaryimage\"},\"image\":{\"@id\":\"https:\\\/\\\/www.ccsaksesuar.com\\\/en\\\/blog\\\/what-is-zipper\\\/#primaryimage\"},\"thumbnailUrl\":\"http:\\\/\\\/ccsaksesuar.com\\\/wp-content\\\/uploads\\\/2020\\\/02\\\/1_82.jpeg\",\"datePublished\":\"2020-06-15T14:38:31+00:00\",\"dateModified\":\"2020-06-15T15:25:45+00:00\",\"breadcrumb\":{\"@id\":\"https:\\\/\\\/www.ccsaksesuar.com\\\/en\\\/blog\\\/what-is-zipper\\\/#breadcrumb\"},\"inLanguage\":\"en-US\",\"potentialAction\":[{\"@type\":\"ReadAction\",\"target\":[\"https:\\\/\\\/www.ccsaksesuar.com\\\/en\\\/blog\\\/what-is-zipper\\\/\"]}]},{\"@type\":\"ImageObject\",\"inLanguage\":\"en-US\",\"@id\":\"https:\\\/\\\/www.ccsaksesuar.com\\\/en\\\/blog\\\/what-is-zipper\\\/#primaryimage\",\"url\":\"http:\\\/\\\/ccsaksesuar.com\\\/wp-content\\\/uploads\\\/2020\\\/02\\\/1_82.jpeg\",\"contentUrl\":\"http:\\\/\\\/ccsaksesuar.com\\\/wp-content\\\/uploads\\\/2020\\\/02\\\/1_82.jpeg\"},{\"@type\":\"BreadcrumbList\",\"@id\":\"https:\\\/\\\/www.ccsaksesuar.com\\\/en\\\/blog\\\/what-is-zipper\\\/#breadcrumb\",\"itemListElement\":[{\"@type\":\"ListItem\",\"position\":1,\"name\":\"Ana sayfa\",\"item\":\"https:\\\/\\\/www.ccsaksesuar.com\\\/en\\\/\"},{\"@type\":\"ListItem\",\"position\":2,\"name\":\"BLOG\",\"item\":\"https:\\\/\\\/www.ccsaksesuar.com\\\/nedir\\\/\"},{\"@type\":\"ListItem\",\"position\":3,\"name\":\"What is zipper?\"}]},{\"@type\":\"WebSite\",\"@id\":\"https:\\\/\\\/www.ccsaksesuar.com\\\/#website\",\"url\":\"https:\\\/\\\/www.ccsaksesuar.com\\\/\",\"name\":\"CCS AKSESUAR\",\"description\":\"DER\u0130 VE TEKST\u0130L MALZEMELER\u0130\",\"publisher\":{\"@id\":\"https:\\\/\\\/www.ccsaksesuar.com\\\/#organization\"},\"potentialAction\":[{\"@type\":\"SearchAction\",\"target\":{\"@type\":\"EntryPoint\",\"urlTemplate\":\"https:\\\/\\\/www.ccsaksesuar.com\\\/?s={search_term_string}\"},\"query-input\":{\"@type\":\"PropertyValueSpecification\",\"valueRequired\":true,\"valueName\":\"search_term_string\"}}],\"inLanguage\":\"en-US\"},{\"@type\":\"Organization\",\"@id\":\"https:\\\/\\\/www.ccsaksesuar.com\\\/#organization\",\"name\":\"CCS AKSESUAR\",\"url\":\"https:\\\/\\\/www.ccsaksesuar.com\\\/\",\"logo\":{\"@type\":\"ImageObject\",\"inLanguage\":\"en-US\",\"@id\":\"https:\\\/\\\/www.ccsaksesuar.com\\\/#\\\/schema\\\/logo\\\/image\\\/\",\"url\":\"\",\"contentUrl\":\"\",\"caption\":\"CCS AKSESUAR\"},\"image\":{\"@id\":\"https:\\\/\\\/www.ccsaksesuar.com\\\/#\\\/schema\\\/logo\\\/image\\\/\"}}]}<\/script>\n<!-- \/ Yoast SEO plugin. -->","yoast_head_json":{"title":"What is zipper? - CCS FERMUAR &amp; DER\u0130 VE TEKST\u0130L MALZEMELER\u0130","robots":{"index":"index","follow":"follow","max-snippet":"max-snippet:-1","max-image-preview":"max-image-preview:large","max-video-preview":"max-video-preview:-1"},"canonical":"https:\/\/www.ccsaksesuar.com\/en\/blog\/what-is-zipper\/","og_locale":"en_US","og_type":"article","og_title":"What is zipper? - CCS FERMUAR &amp; DER\u0130 VE TEKST\u0130L MALZEMELER\u0130","og_url":"https:\/\/www.ccsaksesuar.com\/en\/blog\/what-is-zipper\/","og_site_name":"CCS FERMUAR &amp; DER\u0130 VE TEKST\u0130L MALZEMELER\u0130","article_modified_time":"2020-06-15T15:25:45+00:00","og_image":[{"url":"http:\/\/ccsaksesuar.com\/wp-content\/uploads\/2020\/02\/1_82.jpeg","type":"","width":"","height":""}],"twitter_card":"summary_large_image","twitter_misc":{"Est. reading time":"6 minutes"},"schema":{"@context":"https:\/\/schema.org","@graph":[{"@type":"WebPage","@id":"https:\/\/www.ccsaksesuar.com\/en\/blog\/what-is-zipper\/","url":"https:\/\/www.ccsaksesuar.com\/en\/blog\/what-is-zipper\/","name":"What is zipper? - CCS FERMUAR &amp; DER\u0130 VE TEKST\u0130L MALZEMELER\u0130","isPartOf":{"@id":"https:\/\/www.ccsaksesuar.com\/#website"},"primaryImageOfPage":{"@id":"https:\/\/www.ccsaksesuar.com\/en\/blog\/what-is-zipper\/#primaryimage"},"image":{"@id":"https:\/\/www.ccsaksesuar.com\/en\/blog\/what-is-zipper\/#primaryimage"},"thumbnailUrl":"http:\/\/ccsaksesuar.com\/wp-content\/uploads\/2020\/02\/1_82.jpeg","datePublished":"2020-06-15T14:38:31+00:00","dateModified":"2020-06-15T15:25:45+00:00","breadcrumb":{"@id":"https:\/\/www.ccsaksesuar.com\/en\/blog\/what-is-zipper\/#breadcrumb"},"inLanguage":"en-US","potentialAction":[{"@type":"ReadAction","target":["https:\/\/www.ccsaksesuar.com\/en\/blog\/what-is-zipper\/"]}]},{"@type":"ImageObject","inLanguage":"en-US","@id":"https:\/\/www.ccsaksesuar.com\/en\/blog\/what-is-zipper\/#primaryimage","url":"http:\/\/ccsaksesuar.com\/wp-content\/uploads\/2020\/02\/1_82.jpeg","contentUrl":"http:\/\/ccsaksesuar.com\/wp-content\/uploads\/2020\/02\/1_82.jpeg"},{"@type":"BreadcrumbList","@id":"https:\/\/www.ccsaksesuar.com\/en\/blog\/what-is-zipper\/#breadcrumb","itemListElement":[{"@type":"ListItem","position":1,"name":"Ana sayfa","item":"https:\/\/www.ccsaksesuar.com\/en\/"},{"@type":"ListItem","position":2,"name":"BLOG","item":"https:\/\/www.ccsaksesuar.com\/nedir\/"},{"@type":"ListItem","position":3,"name":"What is zipper?"}]},{"@type":"WebSite","@id":"https:\/\/www.ccsaksesuar.com\/#website","url":"https:\/\/www.ccsaksesuar.com\/","name":"CCS AKSESUAR","description":"DER\u0130 VE TEKST\u0130L MALZEMELER\u0130","publisher":{"@id":"https:\/\/www.ccsaksesuar.com\/#organization"},"potentialAction":[{"@type":"SearchAction","target":{"@type":"EntryPoint","urlTemplate":"https:\/\/www.ccsaksesuar.com\/?s={search_term_string}"},"query-input":{"@type":"PropertyValueSpecification","valueRequired":true,"valueName":"search_term_string"}}],"inLanguage":"en-US"},{"@type":"Organization","@id":"https:\/\/www.ccsaksesuar.com\/#organization","name":"CCS AKSESUAR","url":"https:\/\/www.ccsaksesuar.com\/","logo":{"@type":"ImageObject","inLanguage":"en-US","@id":"https:\/\/www.ccsaksesuar.com\/#\/schema\/logo\/image\/","url":"","contentUrl":"","caption":"CCS AKSESUAR"},"image":{"@id":"https:\/\/www.ccsaksesuar.com\/#\/schema\/logo\/image\/"}}]}},"_links":{"self":[{"href":"https:\/\/www.ccsaksesuar.com\/en\/wp-json\/wp\/v2\/pages\/4907","targetHints":{"allow":["GET"]}}],"collection":[{"href":"https:\/\/www.ccsaksesuar.com\/en\/wp-json\/wp\/v2\/pages"}],"about":[{"href":"https:\/\/www.ccsaksesuar.com\/en\/wp-json\/wp\/v2\/types\/page"}],"author":[{"embeddable":true,"href":"https:\/\/www.ccsaksesuar.com\/en\/wp-json\/wp\/v2\/users\/2"}],"replies":[{"embeddable":true,"href":"https:\/\/www.ccsaksesuar.com\/en\/wp-json\/wp\/v2\/comments?post=4907"}],"version-history":[{"count":0,"href":"https:\/\/www.ccsaksesuar.com\/en\/wp-json\/wp\/v2\/pages\/4907\/revisions"}],"up":[{"embeddable":true,"href":"https:\/\/www.ccsaksesuar.com\/en\/wp-json\/wp\/v2\/pages\/4916"}],"wp:attachment":[{"href":"https:\/\/www.ccsaksesuar.com\/en\/wp-json\/wp\/v2\/media?parent=4907"}],"curies":[{"name":"wp","href":"https:\/\/api.w.org\/{rel}","templated":true}]}}